{"id":16,"date":"2025-09-21T13:08:38","date_gmt":"2025-09-21T13:08:38","guid":{"rendered":"http:\/\/zillisheim-municipales-2026.fr\/?page_id=16"},"modified":"2026-03-03T07:55:34","modified_gmt":"2026-03-03T07:55:34","slug":"le-mot-de-michel-laugel","status":"publish","type":"page","link":"https:\/\/zillisheim-municipales-2026.fr\/?page_id=16","title":{"rendered":"Edito"},"content":{"rendered":"\n<p><\/p>\n\n\n\n<figure class=\"wp-block-image size-full is-resized\"><img loading=\"lazy\" decoding=\"async\" width=\"300\" height=\"388\" src=\"http:\/\/zillisheim-municipales-2026.fr\/wp-content\/uploads\/2026\/01\/Michel2-2-e1767550207818.png\" alt=\"\" class=\"wp-image-158\" style=\"width:135px;height:auto\"\/><\/figure>\n\n\n\n<p>Depuis 2020, vous m\u2019avez confi\u00e9 la responsabilit\u00e9 de conduire notre commune. J\u2019ai exerc\u00e9 ce mandat avec constance, sens des responsabilit\u00e9s et attachement profond \u00e0 Zillisheim, en veillant chaque jour \u00e0 la qualit\u00e9 de vie de ses habitants.<\/p>\n\n\n\n<p><strong>UN MANDAT EXERC\u00c9 AVEC RESPONSABILIT\u00c9<\/strong><br><strong>DES CHOIX ASSUMES DANS UN CONTEXTE EXIGEANT<\/strong><\/p>\n\n\n\n<p>Ces derni\u00e8res ann\u00e9es ont \u00e9t\u00e9 marqu\u00e9es par des crises sanitaires \u00e9nerg\u00e9tiques et \u00e9conomiques in\u00e9dites. Dans ce contexte exigeant, notre priorit\u00e9 a toujours \u00e9t\u00e9 claire : prot\u00e9ger les habitants, ma\u00eetriser les finances communales et poursuivre les investissements n\u00e9cessaires \u00e0 l\u2019avenir de la commune. Des d\u00e9cisions parfois difficiles ont \u00e9t\u00e9 prises, avec s\u00e9rieux et responsabilit\u00e9.<\/p>\n\n\n\n<p><strong>UN TRAVAIL COLLECTIF AU SERVICE DU QUOTIDIEN<\/strong><\/p>\n\n\n\n<p>Au sein de l\u2019\u00e9quipe municipale resserr\u00e9e, nous avons travaill\u00e9 dans un esprit d\u2019\u00e9quipe, de dialogue et de co-contruction. Ensemble, avec les \u00e9lus et les habitants, nous avons engag\u00e9 des actions concr\u00e8tes pour le quotidien et l\u2019avenir de la commune : s\u00e9curisation, am\u00e9nagements, soutien aux associations, animations, solidarit\u00e9, initiatives en faveur de l\u2019environnement et de la r\u00e9novation \u00e9nerg\u00e9tique.<\/p>\n\n\n\n<p><strong>UNE COMMUNE BIEN G\u00c9R\u00c9E ET TOURN\u00c9E VERS L\u2019AVENIR<\/strong><br><br>\u00c0 l\u2019\u00e9chelle intercommunale, qui prend une place croissante, j\u2019ai d\u00e9fendu les int\u00e9r\u00eats de Zillisheim, notamment sur le dossier sensible de l\u2019eau. En mairie, nous avons renforc\u00e9 l\u2019organisation et la qualit\u00e9 du service rendu aux habitants, avec la volont\u00e9 d\u2019une commune bien g\u00e9r\u00e9e.<br><br><strong>POURSUIVRE L\u2019ENGAGEMENT POUR ZILLISHEIM<\/strong><br><br>Je pr\u00e9sente ma candidature pour les \u00e9lections municipales de 2026, avec une \u00e9quipe solide, m\u00ealant exp\u00e9rience et renouveau, profond\u00e9ment attach\u00e9e \u00e0 Zillisheim et \u00e0 ses valeurs.<br>Ensemble, unis pour Zillisheim, poursuivons ce chemin avec confiance, dans un esprit d\u2019unit\u00e9, de responsabilit\u00e9 et de respect, pour pr\u00e9parer l\u2019avenir de Zillisheim tout en restant fid\u00e8les \u00e0 ce qui fait son identit\u00e9.<br><br>Michel Laugel<br><em>T\u00eate de liste \u2013 \u00c9lections municipales 2026<\/em><\/p>\n\n\n\n<div class=\"wp-block-buttons is-layout-flex wp-block-buttons-is-layout-flex\">\n<div class=\"wp-block-button\"><a class=\"wp-block-button__link has-text-align-center wp-element-button\" href=\"mailto:michel.laugel.2026@gmail.com\">Posez-nous vos questions ou vos propositions !<\/a><\/div>\n<\/div>\n\n\n\n<p data-wp-context---core-fit-text=\"core\/fit-text::{&quot;fontSize&quot;:&quot;&quot;}\" data-wp-init---core-fit-text=\"core\/fit-text::callbacks.init\" data-wp-interactive data-wp-style--font-size=\"core\/fit-text::context.fontSize\" class=\"has-fit-text\"><\/p>\n\n\n\n<div class=\"wp-block-buttons is-layout-flex wp-block-buttons-is-layout-flex\">\n<div class=\"wp-block-button\"><a class=\"wp-block-button__link wp-element-button\" href=\"http:\/\/zillisheim-municipales-2026.fr\/wp-content\/uploads\/2026\/01\/UnisPourZillisheim.pdf\">T\u00e9l\u00e9charger notre premier tract de campagne<\/a><\/div>\n<\/div>\n\n\n\n<p data-wp-context---core-fit-text=\"core\/fit-text::{&quot;fontSize&quot;:&quot;&quot;}\" data-wp-init---core-fit-text=\"core\/fit-text::callbacks.init\" data-wp-interactive data-wp-style--font-size=\"core\/fit-text::context.fontSize\" class=\"has-fit-text\"><\/p>\n\n\n\n<div class=\"wp-block-buttons is-layout-flex wp-block-buttons-is-layout-flex\">\n<div class=\"wp-block-button\"><a class=\"wp-block-button__link wp-element-button\" href=\"http:\/\/zillisheim-municipales-2026.fr\/wp-content\/uploads\/2026\/02\/Tract-2-Unis-pour-Zillisheim.pdf\">T\u00e9l\u00e9charger notre deuxi\u00e8me tract de campagne<\/a><\/div>\n<\/div>\n\n\n\n<p><\/p>\n\n\n\n<div class=\"wp-block-buttons is-layout-flex wp-block-buttons-is-layout-flex\">\n<div class=\"wp-block-button\"><a class=\"wp-block-button__link wp-element-button\" href=\"http:\/\/zillisheim-municipales-2026.fr\/wp-content\/uploads\/2026\/03\/tract-3.pdf\">T\u00e9l\u00e9charger notre troisi\u00e8me tract de campagne<\/a><\/div>\n<\/div>\n\n\n\n<p><\/p>\n\n\n\n<figure class=\"wp-block-image\"><a href=\"https:\/\/zillisheim-municipales-2026.fr\/wp-content\/uploads\/2026\/01\/Equipe-retenue-scaled.png\"><img loading=\"lazy\" decoding=\"async\" width=\"2560\" height=\"1707\" src=\"https:\/\/zillisheim-municipales-2026.fr\/wp-content\/uploads\/2026\/01\/Equipe-retenue-scaled.png\" alt=\"\" class=\"wp-image-117\" srcset=\"https:\/\/zillisheim-municipales-2026.fr\/wp-content\/uploads\/2026\/01\/Equipe-retenue-scaled.png 2560w, https:\/\/zillisheim-municipales-2026.fr\/wp-content\/uploads\/2026\/01\/Equipe-retenue-300x200.png 300w, https:\/\/zillisheim-municipales-2026.fr\/wp-content\/uploads\/2026\/01\/Equipe-retenue-1024x683.png 1024w, https:\/\/zillisheim-municipales-2026.fr\/wp-content\/uploads\/2026\/01\/Equipe-retenue-768x512.png 768w, https:\/\/zillisheim-municipales-2026.fr\/wp-content\/uploads\/2026\/01\/Equipe-retenue-1536x1024.png 1536w, https:\/\/zillisheim-municipales-2026.fr\/wp-content\/uploads\/2026\/01\/Equipe-retenue-2048x1365.png 2048w, https:\/\/zillisheim-municipales-2026.fr\/wp-content\/uploads\/2026\/01\/Equipe-retenue-1200x800.png 1200w\" sizes=\"auto, (max-width: 2560px) 100vw, 2560px\" \/><\/a><\/figure>\n\n\n\n<p><\/p>\n\n\n\n<div class=\"wp-block-group\"><div class=\"wp-block-group__inner-container is-layout-constrained wp-block-group-is-layout-constrained\">\n<div class=\"wp-block-columns is-layout-flex wp-container-core-columns-is-layout-9d6595d7 wp-block-columns-is-layout-flex\">\n<div class=\"wp-block-column is-layout-flow wp-block-column-is-layout-flow\" style=\"flex-basis:100%\"><\/div>\n<\/div>\n<\/div><\/div>\n\n\n\n<p><\/p>\n","protected":false},"excerpt":{"rendered":"<p>Depuis 2020, vous m\u2019avez confi\u00e9 la responsabilit\u00e9 de conduire notre commune. J\u2019ai exerc\u00e9 ce mandat avec constance, sens des responsabilit\u00e9s et attachement profond \u00e0 Zillisheim, en veillant chaque jour \u00e0 la qualit\u00e9 de vie de ses habitants. UN MANDAT EXERC\u00c9 AVEC RESPONSABILIT\u00c9DES CHOIX ASSUMES DANS UN CONTEXTE EXIGEANT Ces derni\u00e8res ann\u00e9es ont \u00e9t\u00e9 marqu\u00e9es par [&hellip;]<\/p>\n","protected":false},"author":1,"featured_media":0,"parent":0,"menu_order":0,"comment_status":"closed","ping_status":"closed","template":"","meta":{"footnotes":""},"class_list":["post-16","page","type-page","status-publish","hentry"],"_links":{"self":[{"href":"https:\/\/zillisheim-municipales-2026.fr\/index.php?rest_route=\/wp\/v2\/pages\/16","targetHints":{"allow":["GET"]}}],"collection":[{"href":"https:\/\/zillisheim-municipales-2026.fr\/index.php?rest_route=\/wp\/v2\/pages"}],"about":[{"href":"https:\/\/zillisheim-municipales-2026.fr\/index.php?rest_route=\/wp\/v2\/types\/page"}],"author":[{"embeddable":true,"href":"https:\/\/zillisheim-municipales-2026.fr\/index.php?rest_route=\/wp\/v2\/users\/1"}],"replies":[{"embeddable":true,"href":"https:\/\/zillisheim-municipales-2026.fr\/index.php?rest_route=%2Fwp%2Fv2%2Fcomments&post=16"}],"version-history":[{"count":54,"href":"https:\/\/zillisheim-municipales-2026.fr\/index.php?rest_route=\/wp\/v2\/pages\/16\/revisions"}],"predecessor-version":[{"id":258,"href":"https:\/\/zillisheim-municipales-2026.fr\/index.php?rest_route=\/wp\/v2\/pages\/16\/revisions\/258"}],"wp:attachment":[{"href":"https:\/\/zillisheim-municipales-2026.fr\/index.php?rest_route=%2Fwp%2Fv2%2Fmedia&parent=16"}],"curies":[{"name":"wp","href":"https:\/\/api.w.org\/{rel}","templated":true}]}}