{"id":217,"date":"2026-02-08T16:06:55","date_gmt":"2026-02-08T16:06:55","guid":{"rendered":"https:\/\/zillisheim-municipales-2026.fr\/?page_id=217"},"modified":"2026-02-22T15:49:02","modified_gmt":"2026-02-22T15:49:02","slug":"un-bilan-positif","status":"publish","type":"page","link":"https:\/\/zillisheim-municipales-2026.fr\/?page_id=217","title":{"rendered":"Un bilan positif !"},"content":{"rendered":"\n<p>D\u00e9couvrez le bilan pr\u00e9sent\u00e9 lors de la r\u00e9union publique du 13 f\u00e9vrier 2026 : <\/p>\n\n\n\n<div class=\"wp-block-buttons is-layout-flex wp-block-buttons-is-layout-flex\">\n<div class=\"wp-block-button\"><a class=\"wp-block-button__link wp-element-button\" href=\"http:\/\/zillisheim-municipales-2026.fr\/wp-content\/uploads\/2026\/02\/BILAN-2020-2026-MK_removed-1.pdf\">Bilan 2020-2026<\/a><\/div>\n<\/div>\n\n\n\n<p>D\u00e9couvrez la vid\u00e9o &#8220;Zillisheim vu du ciel&#8221;, un r\u00e9sum\u00e9 en image et en 3 minutes du bilan-projet de la liste actuelle.<\/p>\n\n\n\n<figure class=\"wp-block-embed is-type-video is-provider-youtube wp-block-embed-youtube wp-embed-aspect-16-9 wp-has-aspect-ratio\"><div class=\"wp-block-embed__wrapper\">\n<iframe loading=\"lazy\" title=\"Zillisheim vu du ciel ! Vid\u00e9o bilan de la liste &quot;Unis pour Zillisheim&quot;\" width=\"1140\" height=\"641\" src=\"https:\/\/www.youtube.com\/embed\/0D2wjZTn-6I?feature=oembed\" frameborder=\"0\" allow=\"accelerometer; autoplay; clipboard-write; encrypted-media; gyroscope; picture-in-picture; web-share\" referrerpolicy=\"strict-origin-when-cross-origin\" allowfullscreen><\/iframe>\n<\/div><\/figure>\n\n\n\n<p>Dans un contexte particuli\u00e8rement exigeant \u2014 pand\u00e9mie du Covid, crise de l\u2019\u00e9nergie, tensions sociales et instabilit\u00e9 institutionnelle \u2014 <strong>l\u2019\u00e9quipe municipale a tenu le cap<\/strong>, avec un <strong>objectif constant : prot\u00e9ger les habitants et am\u00e9liorer leur qualit\u00e9 de vie.<\/strong><\/p>\n\n\n\n<p><strong>La<\/strong> <strong>s\u00e9curit\u00e9<\/strong> a \u00e9t\u00e9 renforc\u00e9e dans plusieurs secteurs du village, un centre param\u00e9dical a \u00e9t\u00e9 cr\u00e9\u00e9, une boulangerie pr\u00e9serv\u00e9e, les b\u00e2timents publics r\u00e9nov\u00e9s et l\u2019\u00e9clairage communal modernis\u00e9.<\/p>\n\n\n\n<p><strong>Des investissements importants <\/strong>ont \u00e9t\u00e9 r\u00e9alis\u00e9s notamment pour les \u00e9coles. Les chemins communaux ont \u00e9t\u00e9 restaur\u00e9s. La r\u00e9g\u00e9n\u00e9ration de la for\u00eat, des actions cibl\u00e9es en faveur de la biodiversit\u00e9 et la transition \u00e9nerg\u00e9tique sont engag\u00e9es.<\/p>\n\n\n\n<p><strong>L\u2019avenir<\/strong> a \u00e9t\u00e9 pr\u00e9par\u00e9 par des acquisitions fonci\u00e8res. Animations, soutien renforc\u00e9 aux associations, conseil municipal des jeunes, projets citoyens et mobilit\u00e9s du quotidien, actions du Centre Communal d\u2019Action Sociale, participation citoyenne et communication communale ont contribu\u00e9 au bien vivre et au vivre ensemble.<strong><\/strong><\/p>\n\n\n\n<p><strong>La ma\u00eetrise rigoureuse des finances communales<\/strong> a \u00e9t\u00e9 assur\u00e9e tout au long du mandat.<\/p>\n\n\n\n<figure class=\"wp-block-image size-large\"><img loading=\"lazy\" decoding=\"async\" width=\"1024\" height=\"455\" src=\"https:\/\/zillisheim-municipales-2026.fr\/wp-content\/uploads\/2026\/02\/Zillisheim-aerien-Serge-et-Sebastien-Pflieger-2-sur-67-1024x455.jpg\" alt=\"\" class=\"wp-image-218\" srcset=\"https:\/\/zillisheim-municipales-2026.fr\/wp-content\/uploads\/2026\/02\/Zillisheim-aerien-Serge-et-Sebastien-Pflieger-2-sur-67-1024x455.jpg 1024w, https:\/\/zillisheim-municipales-2026.fr\/wp-content\/uploads\/2026\/02\/Zillisheim-aerien-Serge-et-Sebastien-Pflieger-2-sur-67-300x133.jpg 300w, https:\/\/zillisheim-municipales-2026.fr\/wp-content\/uploads\/2026\/02\/Zillisheim-aerien-Serge-et-Sebastien-Pflieger-2-sur-67-768x341.jpg 768w, https:\/\/zillisheim-municipales-2026.fr\/wp-content\/uploads\/2026\/02\/Zillisheim-aerien-Serge-et-Sebastien-Pflieger-2-sur-67-1200x533.jpg 1200w, https:\/\/zillisheim-municipales-2026.fr\/wp-content\/uploads\/2026\/02\/Zillisheim-aerien-Serge-et-Sebastien-Pflieger-2-sur-67.jpg 1280w\" sizes=\"auto, (max-width: 1024px) 100vw, 1024px\" \/><figcaption class=\"wp-element-caption\">Un cadre de vie agr\u00e9able et pr\u00e9serv\u00e9.<\/figcaption><\/figure>\n","protected":false},"excerpt":{"rendered":"<p>D\u00e9couvrez le bilan pr\u00e9sent\u00e9 lors de la r\u00e9union publique du 13 f\u00e9vrier 2026 : D\u00e9couvrez la vid\u00e9o &#8220;Zillisheim vu du ciel&#8221;, un r\u00e9sum\u00e9 en image et en 3 minutes du bilan-projet de la liste actuelle. Dans un contexte particuli\u00e8rement exigeant \u2014 pand\u00e9mie du Covid, crise de l\u2019\u00e9nergie, tensions sociales et instabilit\u00e9 institutionnelle \u2014 l\u2019\u00e9quipe municipale [&hellip;]<\/p>\n","protected":false},"author":2,"featured_media":0,"parent":0,"menu_order":0,"comment_status":"closed","ping_status":"closed","template":"","meta":{"footnotes":""},"class_list":["post-217","page","type-page","status-publish","hentry"],"_links":{"self":[{"href":"https:\/\/zillisheim-municipales-2026.fr\/index.php?rest_route=\/wp\/v2\/pages\/217","targetHints":{"allow":["GET"]}}],"collection":[{"href":"https:\/\/zillisheim-municipales-2026.fr\/index.php?rest_route=\/wp\/v2\/pages"}],"about":[{"href":"https:\/\/zillisheim-municipales-2026.fr\/index.php?rest_route=\/wp\/v2\/types\/page"}],"author":[{"embeddable":true,"href":"https:\/\/zillisheim-municipales-2026.fr\/index.php?rest_route=\/wp\/v2\/users\/2"}],"replies":[{"embeddable":true,"href":"https:\/\/zillisheim-municipales-2026.fr\/index.php?rest_route=%2Fwp%2Fv2%2Fcomments&post=217"}],"version-history":[{"count":6,"href":"https:\/\/zillisheim-municipales-2026.fr\/index.php?rest_route=\/wp\/v2\/pages\/217\/revisions"}],"predecessor-version":[{"id":248,"href":"https:\/\/zillisheim-municipales-2026.fr\/index.php?rest_route=\/wp\/v2\/pages\/217\/revisions\/248"}],"wp:attachment":[{"href":"https:\/\/zillisheim-municipales-2026.fr\/index.php?rest_route=%2Fwp%2Fv2%2Fmedia&parent=217"}],"curies":[{"name":"wp","href":"https:\/\/api.w.org\/{rel}","templated":true}]}}