{"id":23,"date":"2025-09-21T13:18:32","date_gmt":"2025-09-21T13:18:32","guid":{"rendered":"http:\/\/zillisheim-municipales-2026.fr\/?page_id=23"},"modified":"2026-03-02T11:40:56","modified_gmt":"2026-03-02T11:40:56","slug":"site-en-construction","status":"publish","type":"page","link":"https:\/\/zillisheim-municipales-2026.fr\/","title":{"rendered":"Des projets concrets !"},"content":{"rendered":"\n<h2 class=\"wp-block-heading\">Am\u00e9nagement et urbanisme<\/h2>\n\n\n\n<p><strong>Restructurer et am\u00e9nager l&#8217;entr\u00e9e de ville rue de Hochstatt<\/strong><\/p>\n\n\n\n<p>Mise en place de cheminements pi\u00e9tons en continu du centre du village \u00e0 la plaine de l&#8217;Ill avec croisements s\u00e9curis\u00e9s des pistes cyclables et de la route d\u00e9partementale. Travers\u00e9e de l&#8217;Ill r\u00e9serv\u00e9e aux mobilit\u00e9s douces par la construction d&#8217;un nouveau pont pour les v\u00e9hicules.<\/p>\n\n\n\n<p><strong>Cr\u00e9er un parking d\u00e9pose minute <\/strong>afin<strong> <\/strong>de renforcer la s\u00e9curit\u00e9 des enfants et des pi\u00e9tons aux abords des \u00e9coles maternelle, \u00e9l\u00e9mentaire et du coll\u00e8ge.<\/p>\n\n\n\n<p><strong>Am\u00e9nager aux abords du canal une promenade de d\u00e9tente<\/strong> \u00e9quip\u00e9e pour les cyclistes et les pi\u00e9tons.<\/p>\n\n\n\n<p><strong>D\u00e9velopper un maillage cyclable et pi\u00e9tonnier<\/strong> s\u00e9curis\u00e9 et coh\u00e9rent dans le village.<\/p>\n\n\n\n<p><strong>Mettre en valeur des \u00e9l\u00e9ments architecturaux du patrimoine historique au centre village <\/strong>(mairie, \u00e9glise&#8230;) par un \u00e9clairage \u00e9conome et programmable.<\/p>\n\n\n\n<h2 class=\"wp-block-heading\">Environnement et \u00e9nergie<\/h2>\n\n\n\n<p><strong>Pr\u00e9server notre for\u00eat et nos vergers<\/strong> par les plantations d\u2019arbres et d\u2019arbustes adapt\u00e9s. En renfor\u00e7ant le partenariat avec l\u2019ONF et en y associant les habitants.<\/p>\n\n\n\n<p><strong>Prot\u00e9ger la biodiversit\u00e9 et assurer le verdissement de la commune<\/strong><\/p>\n\n\n\n<p>En installant des nichoirs. En renaturant les terrains communaux le long de l\u2019Ill. Et en renfor\u00e7ant la protection des pollinisateurs.<\/p>\n\n\n\n<p><strong>Concr\u00e9tiser l\u2019installation d\u2019ombri\u00e8res photovolta\u00efques<\/strong> sur le parking de la salle polyvalente pour produire de l&#8217;\u00e9nergie verte tout en prot\u00e9geant les v\u00e9hicules.<\/p>\n\n\n\n<p><strong>R\u00e9nover et v\u00e9g\u00e9taliser les cours d\u2019\u00e9coles<\/strong> pour offrir aux enfants des espaces plus frais et naturels.<\/p>\n\n\n\n<p><strong>Ma\u00eetriser les consommations \u00e9nerg\u00e9tiques<\/strong> des b\u00e2timents communaux tout en favorisant l&#8217;autoconsommation de l&#8217;\u00e9nergie \u00e9lectrique solaire.<\/p>\n\n\n\n<p><strong>D\u00e9velopper des actions de r\u00e9emploi et d\u2019\u00e9conomie circulaire<\/strong><strong><\/strong><\/p>\n\n\n\n<h2 class=\"wp-block-heading\">Sant\u00e9 et solidarit\u00e9<\/h2>\n\n\n\n<p><strong>Cr\u00e9er un<\/strong> <strong>ensemble immobilier interg\u00e9n\u00e9rationnel <\/strong>sur les terrains des 1 et 3 rue de la gare pour concilier le maintien \u00e0 domicile des seniors et l\u2019accueil de nouvelles familles.<\/p>\n\n\n\n<p><strong>Mettre en place des rencontres et conf\u00e9rences pour les parents<\/strong>, avec des temps d\u2019\u00e9change anim\u00e9s par des professionnels et la cr\u00e9ation de parents relais.<\/p>\n\n\n\n<p><strong>Soutenir la place des a\u00een\u00e9s<\/strong> en organisant des rencontres interg\u00e9n\u00e9rationnelles, des ateliers, des sorties, des \u00e9v\u00e8nements.<\/p>\n\n\n\n<p><strong>Cr\u00e9er un Comit\u00e9 Local de Sant\u00e9 Mentale<\/strong> (CLMS) \u00ab Porte du Sundgau \u00bb en concertation avec les communes alentours afin de faire de la sant\u00e9 mentale un sujet collectif et destigmatis\u00e9.<\/p>\n\n\n\n<p><strong>Poursuivre l&#8217;agencement de la mairie aux personnes \u00e0 mobilit\u00e9 r\u00e9duite<\/strong> et \u00e9tudier l&#8217;installation d&#8217;un ascenseur<\/p>\n\n\n\n<p><strong>Cr\u00e9er un guide sant\u00e9<\/strong> destin\u00e9 \u00e0 informer la population de tous les contacts de proximit\u00e9.<\/p>\n\n\n\n<p><strong>Poursuivre l\u2019accompagnement du projet de construction d\u2019un p\u00f4le m\u00e9dical<\/strong><\/p>\n\n\n\n<h2 class=\"wp-block-heading\">Education, jeunesse et sport<\/h2>\n\n\n\n<p><strong>Poursuivre la cr\u00e9ation d\u2019un nouveau p\u00e9riscolaire<\/strong> \u00e0 proximit\u00e9 de l\u2019\u00e9cole pour renforcer la capacit\u00e9 d&#8217;accueil et r\u00e9pondre aux besoins des familles.<\/p>\n\n\n\n<p><strong>Mettre en place une aide aux devoirs b\u00e9n\u00e9vole<\/strong> en partenariat avec le p\u00e9riscolaire.<\/p>\n\n\n\n<p><strong>D\u00e9signer un r\u00e9f\u00e9rent sport<\/strong> afin d\u2019assurer une meilleure organisation avec les associations sportives.<\/p>\n\n\n\n<p><strong>Am\u00e9nager un parcours de sant\u00e9 pour tous<\/strong><\/p>\n\n\n\n<p><strong>Proposer une soir\u00e9e cin\u00e9ma en plein air<\/strong> sur l\u2019espace herb\u00e9 de la salle polyvalente.<\/p>\n\n\n\n<p><strong>Installer des fans zones<\/strong> pour les grands \u00e9v\u00e8nements sportifs.<\/p>\n\n\n\n<h2 class=\"wp-block-heading\">Participation citoyenne et vie locale<\/h2>\n\n\n\n<p><strong>Transformer le b\u00e2timent de la gare en un tiers-lieu<\/strong> ou caf\u00e9 associatif et culturel pour en faire un espace de vie partag\u00e9, port\u00e9 et anim\u00e9 par les acteurs locaux.<\/p>\n\n\n\n<p><strong>Consolider la participation citoyenne <\/strong>tout au long des projets (r\u00e9unions, d\u00e9ambulations de quartier, ateliers th\u00e9matiques, commissions ouvertes).<\/p>\n\n\n\n<p><strong>Organiser une f\u00eate des associations \u00e0 la rentr\u00e9e<\/strong> pour faire d\u00e9couvrir les multiples activit\u00e9s propos\u00e9es dans notre village.<\/p>\n\n\n\n<p><strong>Mettre en place des Estivales <\/strong>avec des animations sur l\u2019aire de jeux pour les enfants et sur la place de la mairie.<\/p>\n\n\n\n<p><strong>Dynamiser la communication communale<\/strong> en faisant \u00e9voluer le bulletin communal, le site internet, les supports num\u00e9riques.<\/p>\n\n\n\n<p><strong>Elargir l\u2019accueil et les horaires de la mairie<\/strong><\/p>\n\n\n\n<p><strong>Mettre en place un lieu d\u2019exposition \u00e0 ciel ouvert<\/strong> pour des expos temporaires et mettre en valeur notre patrimoine.<\/p>\n\n\n\n<p><strong>Organiser des march\u00e9s de saison<\/strong> alliant produits locaux et animations.<\/p>\n\n\n\n<h2 class=\"wp-block-heading\">S\u00e9curit\u00e9 et cadre de vie<\/h2>\n\n\n\n<p><strong>D\u00e9ployer la vid\u00e9o protection<\/strong> sur les points strat\u00e9giques du village afin de renforcer la s\u00e9curit\u00e9 des habitants et la pr\u00e9vention des incivilit\u00e9s.<\/p>\n\n\n\n<p><strong>Finaliser les \u00e9tudes et r\u00e9aliser les am\u00e9nagements<\/strong> visant \u00e0 s\u00e9curiser le carrefour de la rue de Flaxlanden et du Faubourg de Mulhouse ainsi que la liaison en mobilit\u00e9s douces entre le canal et le centre de Flaxlanden.<\/p>\n\n\n\n<p><strong>\u00c9tudier la mise en place d\u2019un V\u00e9lobus<\/strong> pour s\u00e9curiser les trajets domicile-\u00e9cole.<\/p>\n\n\n\n<h2 class=\"wp-block-heading\">Finances, une pr\u00e9occupation constante<\/h2>\n\n\n\n<p><strong>Continuer \u00e0 g\u00e9rer les finances communales avec rigueur sans alourdir la fiscalit\u00e9.<\/strong><\/p>\n\n\n\n<p><strong>Ma\u00eetriser les d\u00e9penses, <\/strong>notamment par la mutualisation du mat\u00e9riel et des \u00e9quipes avec d&#8217;autres communes ou avec l&#8217;agglom\u00e9ration, par l&#8217;autoconsommation et les \u00e9conomies d&#8217;\u00e9nergie et par la ren\u00e9gociation de contrats .<\/p>\n\n\n\n<p><strong>Poursuivre la recherche permanente de subventions <\/strong>et d&#8217;aides financi\u00e8res pour tout projet<\/p>\n\n\n\n<p><strong>Limiter le recours \u00e0 l&#8217;emprunt aux grands projets structurants du village et contenir l&#8217;endettement<\/strong><\/p>\n\n\n\n<p><strong>Adapter le Plan Pluriannuel d&#8217;Investissements <\/strong>pr\u00e9-\u00e9tabli selon les ressources financi\u00e8res disponibles principalement en cas de diminution des dotations ou aides publiques<\/p>\n\n\n\n<h2 class=\"wp-block-heading\">Des actions (d\u00e9j\u00e0) engag\u00e9es et \u00e0 soutenir ! <\/h2>\n\n\n\n<p><strong>Environnement<\/strong><\/p>\n\n\n\n<p>Poursuivre l\u2019engagement en faveur d\u2019une meilleure gestion de l\u2019eau<\/p>\n\n\n\n<p>Optimiser l\u2019utilisation de notre \u00e9clairage \u00e0 led<\/p>\n\n\n\n<p>Soutenir l\u2019apiculture locale<\/p>\n\n\n\n<p>Poursuivre le jardin partag\u00e9<\/p>\n\n\n\n<p>Soutenir la mise en place d\u2019un autopartage<\/p>\n\n\n\n<p><strong>Solidarit\u00e9<\/strong><\/p>\n\n\n\n<p>Poursuivre l\u2019aide alimentaire, l\u2019aide d\u2019urgence et la veille sanitaire<\/p>\n\n\n\n<p>Organiser \u00e0 nouveau des formations aux premiers secours<\/p>\n\n\n\n<p>Poursuivre les actions du groupe Zillis\u2019solidarit\u00e9<\/p>\n\n\n\n<p>Maintenir les permanences France Services<\/p>\n\n\n\n<p>Promouvoir l\u2019applicaion Sauv\u2019Life<\/p>\n\n\n\n<p><strong>Am\u00e9nagement<\/strong><\/p>\n\n\n\n<p>Poursuivre la s\u00e9curisation du talus, faubourg de Mulhouse<\/p>\n\n\n\n<p>Poursuivre la r\u00e9novation de la salle polyvalente<\/p>\n\n\n\n<p>Am\u00e9liorer les \u00e9quipements sportifs de la plaine de l\u2019Ill<\/p>\n\n\n\n<p><strong>Education et participation citoyenne<\/strong><\/p>\n\n\n\n<p>Poursuivre les actions de citoyennet\u00e9 : Conseil Municipal des jeunes, rencontres civiques et participations aux comm\u00e9morations.<\/p>\n\n\n\n<p>Soutenir les projets port\u00e9s par les \u00e9coles et le p\u00e9riscolaire<\/p>\n\n\n\n<p>Poursuivre l\u2019\u00e9ducation \u00e0 la citoyennet\u00e9<\/p>\n\n\n\n<p><strong>Animation<\/strong><\/p>\n\n\n\n<p>Organiser une nouvelle f\u00eate des transitions<\/p>\n\n\n\n<p>Favoriser l\u2019accueil des nouveaux arrivants<\/p>\n\n\n\n<p>Soutenir et accompagner les associations dans leurs projets et leur permettre de continuer \u00e0 acc\u00e9der gracieusement aux salles de la commune.<\/p>\n\n\n\n<p>Maintenir les animations dans le cadre d \u2018Octobre Rose, aide au d\u00e9pistage, Bus M Ta Sant\u00e9.<\/p>\n\n\n\n<p>P\u00e9r\u00e9niser les manifestations d\u00e9j\u00e0 en place avec les associations<\/p>\n\n\n\n<p><strong>Intercommunalit\u00e9<\/strong><\/p>\n\n\n\n<p>Poursuivre la participation active \u00e0 la vie de l\u2019intercommunalit\u00e9<\/p>\n\n\n\n<div class=\"wp-block-columns is-layout-flex wp-container-core-columns-is-layout-9d6595d7 wp-block-columns-is-layout-flex\">\n<div class=\"wp-block-column is-layout-flow wp-block-column-is-layout-flow\">\n<p> <\/p>\n<\/div>\n\n\n\n<div class=\"wp-block-column is-layout-flow wp-block-column-is-layout-flow\">\n<p><\/p>\n<\/div>\n<\/div>\n\n\n\n<figure class=\"wp-block-image size-large\"><img loading=\"lazy\" decoding=\"async\" width=\"1024\" height=\"768\" src=\"https:\/\/zillisheim-municipales-2026.fr\/wp-content\/uploads\/2026\/02\/AireJeux-1024x768.jpg\" alt=\"\" class=\"wp-image-208\" srcset=\"https:\/\/zillisheim-municipales-2026.fr\/wp-content\/uploads\/2026\/02\/AireJeux-1024x768.jpg 1024w, https:\/\/zillisheim-municipales-2026.fr\/wp-content\/uploads\/2026\/02\/AireJeux-300x225.jpg 300w, https:\/\/zillisheim-municipales-2026.fr\/wp-content\/uploads\/2026\/02\/AireJeux-768x576.jpg 768w, https:\/\/zillisheim-municipales-2026.fr\/wp-content\/uploads\/2026\/02\/AireJeux-1536x1152.jpg 1536w, https:\/\/zillisheim-municipales-2026.fr\/wp-content\/uploads\/2026\/02\/AireJeux-2048x1536.jpg 2048w, https:\/\/zillisheim-municipales-2026.fr\/wp-content\/uploads\/2026\/02\/AireJeux-1200x900.jpg 1200w\" sizes=\"auto, (max-width: 1024px) 100vw, 1024px\" \/><figcaption class=\"wp-element-caption\">L&#8217;aire de jeux, une r\u00e9alisation phare du mandat actuel.<\/figcaption><\/figure>\n\n\n\n<p><\/p>\n\n\n\n<p class=\"has-text-align-center\"><\/p>\n","protected":false},"excerpt":{"rendered":"<p>Am\u00e9nagement et urbanisme Restructurer et am\u00e9nager l&#8217;entr\u00e9e de ville rue de Hochstatt Mise en place de cheminements pi\u00e9tons en continu du centre du village \u00e0 la plaine de l&#8217;Ill avec croisements s\u00e9curis\u00e9s des pistes cyclables et de la route d\u00e9partementale. Travers\u00e9e de l&#8217;Ill r\u00e9serv\u00e9e aux mobilit\u00e9s douces par la construction d&#8217;un nouveau pont pour les [&hellip;]<\/p>\n","protected":false},"author":1,"featured_media":0,"parent":0,"menu_order":0,"comment_status":"closed","ping_status":"closed","template":"","meta":{"footnotes":""},"class_list":["post-23","page","type-page","status-publish","hentry"],"_links":{"self":[{"href":"https:\/\/zillisheim-municipales-2026.fr\/index.php?rest_route=\/wp\/v2\/pages\/23","targetHints":{"allow":["GET"]}}],"collection":[{"href":"https:\/\/zillisheim-municipales-2026.fr\/index.php?rest_route=\/wp\/v2\/pages"}],"about":[{"href":"https:\/\/zillisheim-municipales-2026.fr\/index.php?rest_route=\/wp\/v2\/types\/page"}],"author":[{"embeddable":true,"href":"https:\/\/zillisheim-municipales-2026.fr\/index.php?rest_route=\/wp\/v2\/users\/1"}],"replies":[{"embeddable":true,"href":"https:\/\/zillisheim-municipales-2026.fr\/index.php?rest_route=%2Fwp%2Fv2%2Fcomments&post=23"}],"version-history":[{"count":31,"href":"https:\/\/zillisheim-municipales-2026.fr\/index.php?rest_route=\/wp\/v2\/pages\/23\/revisions"}],"predecessor-version":[{"id":259,"href":"https:\/\/zillisheim-municipales-2026.fr\/index.php?rest_route=\/wp\/v2\/pages\/23\/revisions\/259"}],"wp:attachment":[{"href":"https:\/\/zillisheim-municipales-2026.fr\/index.php?rest_route=%2Fwp%2Fv2%2Fmedia&parent=23"}],"curies":[{"name":"wp","href":"https:\/\/api.w.org\/{rel}","templated":true}]}}