{"id":262,"date":"2026-03-09T11:19:40","date_gmt":"2026-03-09T11:19:40","guid":{"rendered":"https:\/\/zillisheim-municipales-2026.fr\/?page_id=262"},"modified":"2026-03-09T11:26:57","modified_gmt":"2026-03-09T11:26:57","slug":"intercommunalite","status":"publish","type":"page","link":"https:\/\/zillisheim-municipales-2026.fr\/?page_id=262","title":{"rendered":"Engag\u00e9s pour l&#8217;intercommunalit\u00e9 !"},"content":{"rendered":"\n<p><strong>Porter la voix de Zillisheim \u00e0 l\u2019\u00e9chelle intercommunale\u00a0!<\/strong><\/p>\n\n\n\n<p>\ud83c\udfdb\ufe0f \u00catre maire, c\u2019est aussi \u00eatre pr\u00e9sent l\u00e0 o\u00f9 se d\u00e9cident les orientations qui engagent l\u2019avenir du territoire.<\/p>\n\n\n\n<p>Tout au long du mandat, je me suis pleinement investi au sein de Mulhouse Alsace Agglom\u00e9ration, en participant activement aux espaces de travail et de d\u00e9cision propos\u00e9s par l\u2019agglom\u00e9ration, notamment au conseil d\u2019agglom\u00e9ration et au bureau. Cet engagement demande du temps, de la constance et une pr\u00e9sence r\u00e9guli\u00e8re, mais il est essentiel pour d\u00e9fendre les int\u00e9r\u00eats de notre commune et anticiper les \u00e9volutions \u00e0 venir. \u23f1\ufe0f\ud83e\udd1d<\/p>\n\n\n\n<p>Cet engagement, je l\u2019ai port\u00e9 avec l\u2019\u00e9quipe qui s\u2019engage \u00e0 mes c\u00f4t\u00e9s aujourd\u2019hui. \ud83d\udc65<\/p>\n\n\n\n<p>De nombreuses comp\u00e9tences qui touchent directement le quotidien des habitants rel\u00e8vent de l\u2019\u00e9chelle intercommunale. Am\u00e9nagement du territoire, habitat, mobilit\u00e9s, eau et assainissement, d\u00e9chets, transition \u00e9cologique, d\u00e9veloppement \u00e9conomique, petite enfance et p\u00e9riscolaire. Autant de politiques publiques qui n\u00e9cessitent un suivi attentif et une pr\u00e9sence active pour que les int\u00e9r\u00eats de la commune soient r\u00e9ellement pris en compte.<\/p>\n\n\n\n<p>Ces temps de travail prennent diff\u00e9rentes formes et r\u00e9unissent \u00e9lus municipaux et communautaires, repr\u00e9sentants du Conseil de D\u00e9veloppement, services et partenaires du territoire&nbsp;:<\/p>\n\n\n\n<ul class=\"wp-block-list\">\n<li>Le forum, temps fort o\u00f9 sont pr\u00e9sent\u00e9s les projets, les dispositifs et les grandes orientations.<\/li>\n\n\n\n<li>Les ateliers-projets, d\u00e9di\u00e9s \u00e0 des sujets concrets et structurants comme la gestion et la valorisation des biod\u00e9chets, la mobilit\u00e9, la gestion de l\u2019eau, les finances, le PLUi, le Programme Local de Pr\u00e9vention des D\u00e9chets M\u00e9nagers et Assimil\u00e9s, ou encore le plan climat. \u267b\ufe0f\ud83d\udeb2\ud83d\udca7\ud83d\udcb6\ud83c\udfd8\ufe0f\ud83c\udf0d<\/li>\n<\/ul>\n\n\n\n<p>Ce travail intercommunal demande du temps, de l\u2019\u00e9nergie et de l\u2019implication. Tous les \u00e9lus ne font pas ce choix.<br>Ceux qui l\u2019ont fait, ceux qui ont suivi les dossiers, particip\u00e9 aux \u00e9changes et assum\u00e9 cette responsabilit\u00e9 dans la dur\u00e9e, sont aujourd\u2019hui engag\u00e9s dans mon \u00e9quipe. \ud83d\udccd<\/p>\n\n\n\n<p>S\u2019engager \u00e0 l\u2019\u00e9chelle intercommunale, c\u2019est \u00eatre l\u00e0 dans la dur\u00e9e, travailler, comprendre, anticiper et faire le lien entre les d\u00e9cisions prises et la r\u00e9alit\u00e9 communale. \ud83d\udd17<br>C\u2019est cette exigence que nous avons choisie.<br>Et c\u2019est aussi cette exp\u00e9rience collective que nous mettons aujourd\u2019hui au service de Zillisheim. \ud83c\udf31<\/p>\n","protected":false},"excerpt":{"rendered":"<p>Porter la voix de Zillisheim \u00e0 l\u2019\u00e9chelle intercommunale\u00a0! \ud83c\udfdb\ufe0f \u00catre maire, c\u2019est aussi \u00eatre pr\u00e9sent l\u00e0 o\u00f9 se d\u00e9cident les orientations qui engagent l\u2019avenir du territoire. Tout au long du mandat, je me suis pleinement investi au sein de Mulhouse Alsace Agglom\u00e9ration, en participant activement aux espaces de travail et de d\u00e9cision propos\u00e9s par l\u2019agglom\u00e9ration, [&hellip;]<\/p>\n","protected":false},"author":2,"featured_media":0,"parent":0,"menu_order":0,"comment_status":"closed","ping_status":"closed","template":"","meta":{"footnotes":""},"class_list":["post-262","page","type-page","status-publish","hentry"],"_links":{"self":[{"href":"https:\/\/zillisheim-municipales-2026.fr\/index.php?rest_route=\/wp\/v2\/pages\/262","targetHints":{"allow":["GET"]}}],"collection":[{"href":"https:\/\/zillisheim-municipales-2026.fr\/index.php?rest_route=\/wp\/v2\/pages"}],"about":[{"href":"https:\/\/zillisheim-municipales-2026.fr\/index.php?rest_route=\/wp\/v2\/types\/page"}],"author":[{"embeddable":true,"href":"https:\/\/zillisheim-municipales-2026.fr\/index.php?rest_route=\/wp\/v2\/users\/2"}],"replies":[{"embeddable":true,"href":"https:\/\/zillisheim-municipales-2026.fr\/index.php?rest_route=%2Fwp%2Fv2%2Fcomments&post=262"}],"version-history":[{"count":4,"href":"https:\/\/zillisheim-municipales-2026.fr\/index.php?rest_route=\/wp\/v2\/pages\/262\/revisions"}],"predecessor-version":[{"id":268,"href":"https:\/\/zillisheim-municipales-2026.fr\/index.php?rest_route=\/wp\/v2\/pages\/262\/revisions\/268"}],"wp:attachment":[{"href":"https:\/\/zillisheim-municipales-2026.fr\/index.php?rest_route=%2Fwp%2Fv2%2Fmedia&parent=262"}],"curies":[{"name":"wp","href":"https:\/\/api.w.org\/{rel}","templated":true}]}}